{"id":11,"date":"2021-10-17T12:32:15","date_gmt":"2021-10-17T10:32:15","guid":{"rendered":"http:\/\/hoeve.no\/slekt\/?page_id=11"},"modified":"2022-06-28T23:54:28","modified_gmt":"2022-06-28T21:54:28","slug":"slektsoversikt","status":"publish","type":"page","link":"https:\/\/hoeve.no\/slekt\/slektsoversikt\/","title":{"rendered":"Slektsoversikt"},"content":{"rendered":"\t\t<div data-elementor-type=\"wp-page\" data-elementor-id=\"11\" class=\"elementor elementor-11\">\n\t\t\t\t\t\t<section class=\"elementor-section elementor-top-section elementor-element elementor-element-07fb71e elementor-section-boxed elementor-section-height-default elementor-section-height-default\" data-id=\"07fb71e\" data-element_type=\"section\" data-e-type=\"section\">\n\t\t\t\t\t\t\t<div class=\"elementor-background-overlay\"><\/div>\n\t\t\t\t\t\t\t<div class=\"elementor-container elementor-column-gap-default\">\n\t\t\t\t\t<div class=\"elementor-column elementor-col-100 elementor-top-column elementor-element elementor-element-a1f9426\" data-id=\"a1f9426\" data-element_type=\"column\" data-e-type=\"column\">\n\t\t\t<div class=\"elementor-widget-wrap elementor-element-populated\">\n\t\t\t\t\t\t<div class=\"elementor-element elementor-element-19e2cc5 elementor-widget elementor-widget-heading\" data-id=\"19e2cc5\" data-element_type=\"widget\" data-e-type=\"widget\" data-widget_type=\"heading.default\">\n\t\t\t\t<div class=\"elementor-widget-container\">\n\t\t\t\t\t<h2 class=\"elementor-heading-title elementor-size-default\"><a href=\"https:\/\/hoeve.no\/aner\/index.php\">Start utforskningen av<span data-elementor-setting-key=\"title\" data-pen-placeholder=\"Skriv her...\" style=\"border: 0px;vertical-align: baseline;clear: both\"> familien<\/span><\/a><\/h2>\t\t\t\t<\/div>\n\t\t\t\t<\/div>\n\t\t\t\t\t<\/div>\n\t\t<\/div>\n\t\t\t\t\t<\/div>\n\t\t<\/section>\n\t\t\t\t<section class=\"elementor-section elementor-top-section elementor-element elementor-element-242a148 elementor-section-boxed elementor-section-height-default elementor-section-height-default\" data-id=\"242a148\" data-element_type=\"section\" data-e-type=\"section\">\n\t\t\t\t\t\t<div class=\"elementor-container elementor-column-gap-default\">\n\t\t\t\t\t<div class=\"elementor-column elementor-col-50 elementor-top-column elementor-element elementor-element-7a712f6\" data-id=\"7a712f6\" data-element_type=\"column\" data-e-type=\"column\">\n\t\t\t<div class=\"elementor-widget-wrap elementor-element-populated\">\n\t\t\t\t\t\t<div class=\"elementor-element elementor-element-6fae604 elementor-widget elementor-widget-text-editor\" data-id=\"6fae604\" data-element_type=\"widget\" data-e-type=\"widget\" data-widget_type=\"text-editor.default\">\n\t\t\t\t<div class=\"elementor-widget-container\">\n\t\t\t\t\t\t\t\t\t<p>Denne siden leder deg til s\u00f8k i slektsbasen H\u00f8ve-flokken. Du kan f.eks. bruke anetavlene til mine foreldre eller svigerforeldre for \u00e5 finne personer du \u00f8nsker mer info om. \u00c5pne deretter slektsbasen og s\u00f8k etter personen.<\/p>\n<p>I slektsbasen finnes over 4600 personer det er mulig \u00e5 finne mer informasjon om. Hvem var de, hvor bodde de og hvordan levde de. Under fanen &laquo;Personer&raquo; i slektbasen er alle sortert etter etternavn (dvs bosted for de aller fleste). N\u00e5r du \u00e5pner linken til slektsbasen kommer du til startsiden, hvor Trine og jeg selvsagt er hovedpersoner \ud83d\ude07<\/p>\n<p>Kildene til informasjonen om slekten er i hovedsak fra kirkeb\u00f8ker, folketellinger og bygdeb\u00f8ker. I slektsbasen vil du ogs\u00e5 finne opplysninger om n\u00e5levende personer og om d\u00f8de personer som er nyere enn 100 \u00e5r. Disse opplysningene er beskyttet av personvernloven og m\u00e5 behandles med omtanke.<\/p>\n<p>Ta gjerne kontakt<span style=\"font-style: inherit; color: var( --e-global-color-text ); font-family: var( --e-global-typography-text-font-family ), Sans-serif;\">&nbsp;hvis du finner noe som b\u00f8r endres eller legges til.<\/span><\/p>\n<p><\/p>\t\t\t\t\t\t\t\t<\/div>\n\t\t\t\t<\/div>\n\t\t\t\t<div class=\"elementor-element elementor-element-095a59e elementor-widget elementor-widget-button\" data-id=\"095a59e\" data-element_type=\"widget\" data-e-type=\"widget\" data-widget_type=\"button.default\">\n\t\t\t\t<div class=\"elementor-widget-container\">\n\t\t\t\t\t\t\t\t\t<div class=\"elementor-button-wrapper\">\n\t\t\t\t\t<a class=\"elementor-button elementor-button-link elementor-size-sm\" href=\"https:\/\/hoeve.no\/aner\/index.php\" target=\"_blank\">\n\t\t\t\t\t\t<span class=\"elementor-button-content-wrapper\">\n\t\t\t\t\t\t\t\t\t<span class=\"elementor-button-text\">\u00c5pne slektsbasen<\/span>\n\t\t\t\t\t<\/span>\n\t\t\t\t\t<\/a>\n\t\t\t\t<\/div>\n\t\t\t\t\t\t\t\t<\/div>\n\t\t\t\t<\/div>\n\t\t\t\t\t<\/div>\n\t\t<\/div>\n\t\t\t\t<div class=\"elementor-column elementor-col-50 elementor-top-column elementor-element elementor-element-5d4dd6e\" data-id=\"5d4dd6e\" data-element_type=\"column\" data-e-type=\"column\">\n\t\t\t<div class=\"elementor-widget-wrap elementor-element-populated\">\n\t\t\t\t\t\t<div class=\"elementor-element elementor-element-a6ceb23 elementor-widget elementor-widget-button\" data-id=\"a6ceb23\" data-element_type=\"widget\" data-e-type=\"widget\" data-widget_type=\"button.default\">\n\t\t\t\t<div class=\"elementor-widget-container\">\n\t\t\t\t\t\t\t\t\t<div class=\"elementor-button-wrapper\">\n\t\t\t\t\t<a class=\"elementor-button elementor-button-link elementor-size-sm\" href=\"http:\/\/hoeve.no\/slekt\/elisabeths-anetavle\/\">\n\t\t\t\t\t\t<span class=\"elementor-button-content-wrapper\">\n\t\t\t\t\t\t\t\t\t<span class=\"elementor-button-text\">Trines mor sin anetavle<\/span>\n\t\t\t\t\t<\/span>\n\t\t\t\t\t<\/a>\n\t\t\t\t<\/div>\n\t\t\t\t\t\t\t\t<\/div>\n\t\t\t\t<\/div>\n\t\t\t\t<div class=\"elementor-element elementor-element-b84bb02 elementor-widget elementor-widget-button\" data-id=\"b84bb02\" data-element_type=\"widget\" data-e-type=\"widget\" data-widget_type=\"button.default\">\n\t\t\t\t<div class=\"elementor-widget-container\">\n\t\t\t\t\t\t\t\t\t<div class=\"elementor-button-wrapper\">\n\t\t\t\t\t<a class=\"elementor-button elementor-button-link elementor-size-sm\" href=\"http:\/\/hoeve.no\/slekt\/arnars-anetavle\/\">\n\t\t\t\t\t\t<span class=\"elementor-button-content-wrapper\">\n\t\t\t\t\t\t\t\t\t<span class=\"elementor-button-text\">Trines far sin anetavle<\/span>\n\t\t\t\t\t<\/span>\n\t\t\t\t\t<\/a>\n\t\t\t\t<\/div>\n\t\t\t\t\t\t\t\t<\/div>\n\t\t\t\t<\/div>\n\t\t\t\t<div class=\"elementor-element elementor-element-54b9a75 elementor-widget elementor-widget-button\" data-id=\"54b9a75\" data-element_type=\"widget\" data-e-type=\"widget\" data-widget_type=\"button.default\">\n\t\t\t\t<div class=\"elementor-widget-container\">\n\t\t\t\t\t\t\t\t\t<div class=\"elementor-button-wrapper\">\n\t\t\t\t\t<a class=\"elementor-button elementor-button-link elementor-size-sm\" href=\"http:\/\/hoeve.no\/slekt\/margits-anetavle\/\">\n\t\t\t\t\t\t<span class=\"elementor-button-content-wrapper\">\n\t\t\t\t\t\t\t\t\t<span class=\"elementor-button-text\">Pelles mor sin anetavle<\/span>\n\t\t\t\t\t<\/span>\n\t\t\t\t\t<\/a>\n\t\t\t\t<\/div>\n\t\t\t\t\t\t\t\t<\/div>\n\t\t\t\t<\/div>\n\t\t\t\t<div class=\"elementor-element elementor-element-a27d6b0 elementor-widget elementor-widget-button\" data-id=\"a27d6b0\" data-element_type=\"widget\" data-e-type=\"widget\" data-widget_type=\"button.default\">\n\t\t\t\t<div class=\"elementor-widget-container\">\n\t\t\t\t\t\t\t\t\t<div class=\"elementor-button-wrapper\">\n\t\t\t\t\t<a class=\"elementor-button elementor-button-link elementor-size-sm\" href=\"http:\/\/hoeve.no\/slekt\/odds-anetavle\/\">\n\t\t\t\t\t\t<span class=\"elementor-button-content-wrapper\">\n\t\t\t\t\t\t\t\t\t<span class=\"elementor-button-text\">Pelles far sin anetavle<\/span>\n\t\t\t\t\t<\/span>\n\t\t\t\t\t<\/a>\n\t\t\t\t<\/div>\n\t\t\t\t\t\t\t\t<\/div>\n\t\t\t\t<\/div>\n\t\t\t\t\t<\/div>\n\t\t<\/div>\n\t\t\t\t\t<\/div>\n\t\t<\/section>\n\t\t\t\t<\/div>\n\t\t","protected":false},"excerpt":{"rendered":"<p>Start utforskningen av familien Denne siden leder deg til s\u00f8k i slektsbasen H\u00f8ve-flokken. Du kan f.eks. bruke anetavlene til mine foreldre eller svigerforeldre for \u00e5 finne personer du \u00f8nsker mer info om. \u00c5pne deretter slektsbasen og s\u00f8k etter personen. I slektsbasen finnes over 4600 personer det er mulig \u00e5 finne mer informasjon om. Hvem var [&hellip;]<\/p>\n","protected":false},"author":1,"featured_media":0,"parent":0,"menu_order":0,"comment_status":"closed","ping_status":"closed","template":"elementor_header_footer","meta":{"footnotes":""},"class_list":["post-11","page","type-page","status-publish","hentry"],"jetpack-related-posts":[],"_links":{"self":[{"href":"https:\/\/hoeve.no\/slekt\/wp-json\/wp\/v2\/pages\/11","targetHints":{"allow":["GET"]}}],"collection":[{"href":"https:\/\/hoeve.no\/slekt\/wp-json\/wp\/v2\/pages"}],"about":[{"href":"https:\/\/hoeve.no\/slekt\/wp-json\/wp\/v2\/types\/page"}],"author":[{"embeddable":true,"href":"https:\/\/hoeve.no\/slekt\/wp-json\/wp\/v2\/users\/1"}],"replies":[{"embeddable":true,"href":"https:\/\/hoeve.no\/slekt\/wp-json\/wp\/v2\/comments?post=11"}],"version-history":[{"count":125,"href":"https:\/\/hoeve.no\/slekt\/wp-json\/wp\/v2\/pages\/11\/revisions"}],"predecessor-version":[{"id":3857,"href":"https:\/\/hoeve.no\/slekt\/wp-json\/wp\/v2\/pages\/11\/revisions\/3857"}],"wp:attachment":[{"href":"https:\/\/hoeve.no\/slekt\/wp-json\/wp\/v2\/media?parent=11"}],"curies":[{"name":"wp","href":"https:\/\/api.w.org\/{rel}","templated":true}]}}